{"id":7,"date":"2014-06-15T10:25:52","date_gmt":"2014-06-15T08:25:52","guid":{"rendered":"http:\/\/ad-atelier.fr\/?page_id=7"},"modified":"2021-05-12T10:17:18","modified_gmt":"2021-05-12T08:17:18","slug":"anne-durand-2","status":"publish","type":"page","link":"https:\/\/ad-atelier.fr\/","title":{"rendered":""},"content":{"rendered":"\n<h2><\/h2>\n\n\n\n<h2 class=\"has-text-align-center\"><strong>ATELIER URBAIN ANNE DURAND<\/strong><\/h2>\n\n\n\n<p class=\"has-text-align-center has-medium-font-size\"><strong>La Mutabilit\u00e9 Urbaine, une alternative \u00e0 nos territoires.<\/strong><\/p>\n\n\n<p>L\u2019Atelier Urbain Anne Durand (AUAD) cr\u00e9\u00e9 en 2006 est une agence d\u2019architecture et d\u2019urbanisme, situ\u00e9e dans un local-atelier dans un faubourg parisien. AUAD est une structure flexible capable de s\u2019adapter aux enjeux de chaque projet.<\/p>\n\n\n<figure class=\"wp-block-image size-large\"><img loading=\"lazy\" width=\"1024\" height=\"768\" src=\"http:\/\/ad-atelier.fr\/wp-content\/uploads\/2020\/12\/ATELIER-2-1024x768.jpg\" alt=\"\" class=\"wp-image-805\" srcset=\"https:\/\/ad-atelier.fr\/wp-content\/uploads\/2020\/12\/ATELIER-2-1024x768.jpg 1024w, https:\/\/ad-atelier.fr\/wp-content\/uploads\/2020\/12\/ATELIER-2-300x225.jpg 300w, https:\/\/ad-atelier.fr\/wp-content\/uploads\/2020\/12\/ATELIER-2-768x576.jpg 768w, https:\/\/ad-atelier.fr\/wp-content\/uploads\/2020\/12\/ATELIER-2-1536x1152.jpg 1536w, https:\/\/ad-atelier.fr\/wp-content\/uploads\/2020\/12\/ATELIER-2-2048x1536.jpg 2048w\" sizes=\"(max-width: 1024px) 100vw, 1024px\" \/><figcaption>L&rsquo;Atelier \u00e0 Paris XI\u00e8me.<\/figcaption><\/figure>\n\n\n\n<p>L&rsquo;agence tente de bousculer les acquis, elle r\u00e9interroge et propose de nouveaux dispositifs dans lesquels la mutabilit\u00e9 est mise en avant. Dans un monde en transition, la mutabilit\u00e9 est un processus capable de r\u00e9pondre \u00e0 plusieurs des enjeux actuels, que ce soit l\u2019urgence du d\u00e9fi climatique ou celui des in\u00e9galit\u00e9s territoriales. Ce sont avec ces comp\u00e9tences que l\u2019agence se d\u00e9veloppe et innove avec les ma\u00eetrises d\u2019ouvrages.<\/p>\n\n\n\n<figure class=\"wp-block-image size-full\"><img loading=\"lazy\" width=\"2560\" height=\"1810\" src=\"http:\/\/ad-atelier.fr\/wp-content\/uploads\/2021\/05\/SCHEMA-ACCUEIL-4-scaled.jpg\" alt=\"\" class=\"wp-image-1504\" srcset=\"https:\/\/ad-atelier.fr\/wp-content\/uploads\/2021\/05\/SCHEMA-ACCUEIL-4-scaled.jpg 2560w, https:\/\/ad-atelier.fr\/wp-content\/uploads\/2021\/05\/SCHEMA-ACCUEIL-4-300x212.jpg 300w, https:\/\/ad-atelier.fr\/wp-content\/uploads\/2021\/05\/SCHEMA-ACCUEIL-4-1024x724.jpg 1024w, https:\/\/ad-atelier.fr\/wp-content\/uploads\/2021\/05\/SCHEMA-ACCUEIL-4-768x543.jpg 768w, https:\/\/ad-atelier.fr\/wp-content\/uploads\/2021\/05\/SCHEMA-ACCUEIL-4-1536x1086.jpg 1536w, https:\/\/ad-atelier.fr\/wp-content\/uploads\/2021\/05\/SCHEMA-ACCUEIL-4-2048x1448.jpg 2048w\" sizes=\"(max-width: 2560px) 100vw, 2560px\" \/><\/figure>\n","protected":false},"excerpt":{"rendered":"<p>ATELIER URBAIN ANNE DURAND La Mutabilit\u00e9 Urbaine, une alternative \u00e0 nos territoires. L\u2019Atelier Urbain Anne Durand (AUAD) cr\u00e9\u00e9 en 2006 est une agence d\u2019architecture et d\u2019urbanisme, situ\u00e9e dans un local-atelier dans un faubourg parisien. AUAD ...<\/p>\n","protected":false},"author":1,"featured_media":0,"parent":0,"menu_order":0,"comment_status":"closed","ping_status":"closed","template":"","meta":[],"categories":[2,3,8,9,10,5,6,1,4],"_links":{"self":[{"href":"https:\/\/ad-atelier.fr\/index.php?rest_route=\/wp\/v2\/pages\/7"}],"collection":[{"href":"https:\/\/ad-atelier.fr\/index.php?rest_route=\/wp\/v2\/pages"}],"about":[{"href":"https:\/\/ad-atelier.fr\/index.php?rest_route=\/wp\/v2\/types\/page"}],"author":[{"embeddable":true,"href":"https:\/\/ad-atelier.fr\/index.php?rest_route=\/wp\/v2\/users\/1"}],"replies":[{"embeddable":true,"href":"https:\/\/ad-atelier.fr\/index.php?rest_route=%2Fwp%2Fv2%2Fcomments&post=7"}],"version-history":[{"count":38,"href":"https:\/\/ad-atelier.fr\/index.php?rest_route=\/wp\/v2\/pages\/7\/revisions"}],"predecessor-version":[{"id":1505,"href":"https:\/\/ad-atelier.fr\/index.php?rest_route=\/wp\/v2\/pages\/7\/revisions\/1505"}],"wp:attachment":[{"href":"https:\/\/ad-atelier.fr\/index.php?rest_route=%2Fwp%2Fv2%2Fmedia&parent=7"}],"wp:term":[{"taxonomy":"category","embeddable":true,"href":"https:\/\/ad-atelier.fr\/index.php?rest_route=%2Fwp%2Fv2%2Fcategories&post=7"}],"curies":[{"name":"wp","href":"https:\/\/api.w.org\/{rel}","templated":true}]}}